{"id":9919,"date":"2019-02-28T21:09:15","date_gmt":"2019-02-28T20:09:15","guid":{"rendered":"https:\/\/merida.salesianos.edu\/colegio\/?page_id=9919"},"modified":"2025-08-25T08:54:45","modified_gmt":"2025-08-25T06:54:45","slug":"qualitas","status":"publish","type":"page","link":"https:\/\/merida.salesianos.edu\/colegio\/qualitas\/","title":{"rendered":"Qualitas"},"content":{"rendered":"<p>[et_pb_section fb_built=\u00bb1&#8243; fullwidth=\u00bbon\u00bb _builder_version=\u00bb4.16&#8243; global_colors_info=\u00bb{}\u00bb][et_pb_fullwidth_header title=\u00bbQualitas educativa\u00bb module_class=\u00bbpagina-imagen-cabecera\u00bb _builder_version=\u00bb4.16&#8243; title_text_color=\u00bb#ffffff\u00bb title_font_size=\u00bb40px\u00bb background_color=\u00bbrgba(255, 255, 255, 0)\u00bb background_image=\u00bbhttps:\/\/inspectoria.salesianos.edu\/wp-content\/uploads\/2017\/09\/ImagenPAGINA.jpg\u00bb background_layout=\u00bblight\u00bb max_width_tablet=\u00bb50px\u00bb global_colors_info=\u00bb{}\u00bb button_one_text_size__hover_enabled=\u00bboff\u00bb button_one_text_size__hover=\u00bbnull\u00bb button_two_text_size__hover_enabled=\u00bboff\u00bb button_two_text_size__hover=\u00bbnull\u00bb button_one_text_color__hover_enabled=\u00bboff\u00bb button_one_text_color__hover=\u00bbnull\u00bb button_two_text_color__hover_enabled=\u00bboff\u00bb button_two_text_color__hover=\u00bbnull\u00bb button_one_border_width__hover_enabled=\u00bboff\u00bb button_one_border_width__hover=\u00bbnull\u00bb button_two_border_width__hover_enabled=\u00bboff\u00bb button_two_border_width__hover=\u00bbnull\u00bb button_one_border_color__hover_enabled=\u00bboff\u00bb button_one_border_color__hover=\u00bbnull\u00bb button_two_border_color__hover_enabled=\u00bboff\u00bb button_two_border_color__hover=\u00bbnull\u00bb button_one_border_radius__hover_enabled=\u00bboff\u00bb button_one_border_radius__hover=\u00bbnull\u00bb button_two_border_radius__hover_enabled=\u00bboff\u00bb button_two_border_radius__hover=\u00bbnull\u00bb button_one_letter_spacing__hover_enabled=\u00bbon\u00bb button_one_letter_spacing__hover=\u00bb0&#8243; button_two_letter_spacing__hover_enabled=\u00bbon\u00bb button_two_letter_spacing__hover=\u00bb0&#8243; button_one_bg_color__hover_enabled=\u00bboff\u00bb button_one_bg_color__hover=\u00bbnull\u00bb button_two_bg_color__hover_enabled=\u00bboff\u00bb button_two_bg_color__hover=\u00bbnull\u00bb][\/et_pb_fullwidth_header][\/et_pb_section][et_pb_section fb_built=\u00bb1&#8243; module_class=\u00bbpagina-seccion-contenido\u00bb _builder_version=\u00bb4.16&#8243; custom_padding=\u00bb0%|||\u00bb global_colors_info=\u00bb{}\u00bb][et_pb_row column_structure=\u00bb3_4,1_4&#8243; _builder_version=\u00bb4.16&#8243; custom_margin=\u00bb25px|||\u00bb custom_padding=\u00bb25px|||\u00bb global_colors_info=\u00bb{}\u00bb][et_pb_column type=\u00bb3_4&#8243; _builder_version=\u00bb4.16&#8243; custom_padding=\u00bb|||\u00bb global_colors_info=\u00bb{}\u00bb custom_padding__hover=\u00bb|||\u00bb][et_pb_text _builder_version=\u00bb4.16&#8243; custom_margin=\u00bb10px|||\u00bb global_colors_info=\u00bb{}\u00bb]<\/p>\n<h1>Tu canal directo de comunicaci\u00f3n con el colegio<\/h1>\n<p>[\/et_pb_text][et_pb_testimonial author=\u00bbCarlos Villarino S\u00e1nchez\u00bb job_title=\u00bbResponsable de Qualitas Educativa\u00bb portrait_url=\u00bbhttps:\/\/merida.salesianos.edu\/colegio\/wp-content\/uploads\/sites\/2\/2019\/02\/qef.png\u00bb _builder_version=\u00bb4.16&#8243; background_size=\u00bbinitial\u00bb background_position=\u00bbtop_left\u00bb background_repeat=\u00bbrepeat\u00bb global_colors_info=\u00bb{}\u00bb]<\/p>\n<p class=\"\" style=\"text-align: left;\">Estimados padres\/madres,<\/p>\n<p class=\"\" style=\"text-align: left;\">Nada m\u00e1s importante para nuestro centro que una buena sinton\u00eda en la labor educativa entre nuestra Casa y las familias de nuestros alumnos. Las nuevas tecnolog\u00edas vienen a facilitarnos la tarea de poder establecer un contacto continuo entre las familias y el profesorado. La plataforma Qualitas Escuela Familia cumple ampliamente dichas necesidades.<\/p>\n<p class=\"\" style=\"text-align: left;\">Para cualquier duda que teng\u00e1is no dud\u00e9is en preguntarme: <em><a href=\"mailto:qe.merida@salesianos.edu\">qe.merida@salesianos.edu<\/a><\/em><\/p>\n<p class=\"\" style=\"text-align: left;\">Un saludo.<\/p>\n<p>[\/et_pb_testimonial][\/et_pb_column][et_pb_column type=\u00bb1_4&#8243; _builder_version=\u00bb4.16&#8243; custom_padding=\u00bb|||\u00bb global_colors_info=\u00bb{}\u00bb custom_padding__hover=\u00bb|||\u00bb][et_pb_blurb title=\u00bbAcceder a la plataforma\u00bb url=\u00bbhttp:\/\/www.qualitasescuelafamilia.com\/\u00bb url_new_window=\u00bbon\u00bb image=\u00bbhttps:\/\/alicante.salesianos.edu\/colegio\/wp-content\/uploads\/sites\/2\/2017\/07\/icono_acceso_qe-1.png\u00bb image_icon_width=\u00bbnone\u00bb _builder_version=\u00bb4.16&#8243; header_font=\u00bbAmatic SC||||\u00bb header_font_size=\u00bb30px\u00bb text_orientation=\u00bbcenter\u00bb custom_margin=\u00bb55px|||\u00bb custom_margin_tablet=\u00bb0px|||\u00bb custom_margin_phone=\u00bb0px|||\u00bb custom_margin_last_edited=\u00bbon|phone\u00bb image_max_width=\u00bbnone\u00bb global_colors_info=\u00bb{}\u00bb][\/et_pb_blurb][et_pb_image src=\u00bbhttps:\/\/alicante.salesianos.edu\/colegio\/wp-content\/uploads\/sites\/2\/2017\/07\/icono_descargar_android.png\u00bb alt=\u00bbDisponible en Google Play\u00bb title_text=\u00bbDisponible en Google Play\u00bb url=\u00bbhttps:\/\/play.google.com\/store\/apps\/details?id=com.ora1.qefamilia&amp;hl=es\u00bb url_new_window=\u00bbon\u00bb align_tablet=\u00bbcenter\u00bb align_phone=\u00bb\u00bb align_last_edited=\u00bbon|desktop\u00bb _builder_version=\u00bb4.16&#8243; animation_style=\u00bbslide\u00bb animation_direction=\u00bbleft\u00bb animation_duration=\u00bb500ms\u00bb animation_intensity_slide=\u00bb10%\u00bb global_colors_info=\u00bb{}\u00bb][\/et_pb_image][et_pb_image src=\u00bbhttps:\/\/alicante.salesianos.edu\/colegio\/wp-content\/uploads\/sites\/2\/2017\/07\/icono_descargar_ios.png\u00bb alt=\u00bbCons\u00edguelo en el App Store\u00bb title_text=\u00bbCons\u00edguelo en el App Store\u00bb url=\u00bbhttps:\/\/itunes.apple.com\/es\/app\/qualitas-escuela-familia\/id930525706&#8243; url_new_window=\u00bbon\u00bb align_tablet=\u00bbcenter\u00bb align_phone=\u00bb\u00bb align_last_edited=\u00bbon|desktop\u00bb _builder_version=\u00bb4.16&#8243; animation_style=\u00bbslide\u00bb animation_direction=\u00bbleft\u00bb animation_duration=\u00bb500ms\u00bb animation_intensity_slide=\u00bb10%\u00bb global_colors_info=\u00bb{}\u00bb][\/et_pb_image][\/et_pb_column][\/et_pb_row][et_pb_row column_structure=\u00bb1_2,1_2&#8243; _builder_version=\u00bb4.16&#8243; custom_padding=\u00bb23.96875px|0px|0px|0px\u00bb global_colors_info=\u00bb{}\u00bb][et_pb_column type=\u00bb1_2&#8243; _builder_version=\u00bb4.16&#8243; custom_padding=\u00bb|||\u00bb global_colors_info=\u00bb{}\u00bb custom_padding__hover=\u00bb|||\u00bb][et_pb_blurb url=\u00bbhttps:\/\/alicante.salesianos.edu\/colegio\/wp-content\/uploads\/sites\/2\/2017\/06\/Triptico-Escuela-Familia.pdf\u00bb image=\u00bbhttps:\/\/alicante.salesianos.edu\/colegio\/wp-content\/uploads\/sites\/2\/2017\/06\/Screen-Shot-2017-06-19-at-18.11.17.png\u00bb image_icon_width=\u00bbnone\u00bb _builder_version=\u00bb4.16&#8243; header_font_size=\u00bb11px\u00bb text_orientation=\u00bbright\u00bb image_max_width=\u00bbnone\u00bb global_colors_info=\u00bb{}\u00bb][\/et_pb_blurb][\/et_pb_column][et_pb_column type=\u00bb1_2&#8243; _builder_version=\u00bb4.16&#8243; custom_padding=\u00bb|||\u00bb global_colors_info=\u00bb{}\u00bb custom_padding__hover=\u00bb|||\u00bb][et_pb_text _builder_version=\u00bb4.16&#8243; custom_margin=\u00bb|||\u00bb global_colors_info=\u00bb{}\u00bb]<\/p>\n<h2>\u00bfQu\u00e9 te ofrece la plataforma?<\/h2>\n<p>[\/et_pb_text][et_pb_text _builder_version=\u00bb4.16&#8243; global_colors_info=\u00bb{}\u00bb]<\/p>\n<div class=\"page\" style=\"text-align: justify;\" title=\"Page 2\">\n<div class=\"layoutArea\">\n<div class=\"column\">\n<p>Qualitas Escuela Familia es la herramienta que permite interactuar y comunicarse entre las familias y el centro educativo sin necesidad de desplazamientos, de una forma r\u00e1pida, sencilla y eficaz.<\/p>\n<p>Por medio de esta aplicaci\u00f3n inform\u00e1tica online, docentes y padres pueden estar en continuo contacto sin dilatar en el tiempo muchas de las tareas m\u00e1s comunes en el \u00e1mbito educativo de los alumnos.<\/p>\n<p>En ella encontrar\u00e1:<\/p>\n<ul>\n<li>Mensajer\u00eda con el tutor y el cuerpo docente<\/li>\n<li>Control disciplinar<\/li>\n<li>Notas de evaluaci\u00f3n<\/li>\n<li>Notas de controles y ex\u00e1menes<\/li>\n<li>Horario del alumno<\/li>\n<li>Calendario de ex\u00e1menes y actividades<\/li>\n<li>Justificaci\u00f3n de ausencias<\/li>\n<li>etc.<\/li>\n<\/ul>\n<p>El servicio se ofrece a las familias de alumnos de Infantil, Primaria, ESO y Bachillerato.<\/p>\n<p>Para m\u00e1s informaci\u00f3n:<\/p>\n<\/div>\n<\/div>\n<\/div>\n<blockquote>\n<p style=\"text-align: justify;\"><a href=\"http:\/\/www.qualitasescuelafamilia.com\" target=\"_blank\" rel=\"noopener noreferrer\">www.qualitasescuelafamilia.com<\/a><br \/>\n<a href=\"mailto:info@qualitaseducativa.com\">info@qualitaseducativa.com<\/a><br \/>\n<a href=\"mailto:qe.merida@salesianos.edu\">qe.merida@salesianos.edu<\/a><\/p>\n<\/blockquote>\n<p>[\/et_pb_text][et_pb_blurb title=\u00bbDescargar tr\u00edptico\u00bb use_icon=\u00bbon\u00bb font_icon=\u00bb\ue071||divi||400&#8243; icon_placement=\u00bbleft\u00bb _builder_version=\u00bb4.16&#8243; header_font=\u00bbAmatic SC||||\u00bb header_font_size=\u00bb31px\u00bb global_colors_info=\u00bb{}\u00bb][\/et_pb_blurb][\/et_pb_column][\/et_pb_row][et_pb_row admin_label=\u00bbPREGUNTAS FRECUNTES\u00bb _builder_version=\u00bb4.16&#8243; custom_margin=\u00bb0px|||\u00bb custom_padding=\u00bb0px|0px|23.96875px|0px\u00bb global_colors_info=\u00bb{}\u00bb][et_pb_column type=\u00bb4_4&#8243; _builder_version=\u00bb4.16&#8243; custom_padding=\u00bb|||\u00bb global_colors_info=\u00bb{}\u00bb custom_padding__hover=\u00bb|||\u00bb][et_pb_text _builder_version=\u00bb4.16&#8243; text_font=\u00bb||||\u00bb text_font_size=\u00bb21px\u00bb header_font=\u00bb||||\u00bb header_font_size=\u00bb44px\u00bb background_color=\u00bb#e02b20&#8243; background_layout=\u00bbdark\u00bb custom_margin=\u00bb25px|||\u00bb custom_padding=\u00bb20px||10px|\u00bb global_colors_info=\u00bb{}\u00bb]<\/p>\n<h2>\u00a0 \u00a0 PREGUNTAS FRECUENTES<\/h2>\n<p>[\/et_pb_text][et_pb_accordion _builder_version=\u00bb4.27.2&#8243; toggle_text_color=\u00bb#dc001b\u00bb toggle_font_size=\u00bb17px\u00bb hover_enabled=\u00bb0&#8243; border_width_all=\u00bb0px\u00bb border_color_all=\u00bb#e5e5e5&#8243; use_border_color=\u00bbon\u00bb global_colors_info=\u00bb{}\u00bb sticky_enabled=\u00bb0&#8243;][et_pb_accordion_item title=\u00bb\u00bfC\u00f3mo se accede a Qe?\u00bb open=\u00bbon\u00bb _builder_version=\u00bb4.16&#8243; global_colors_info=\u00bb{}\u00bb]<\/p>\n<p>Desde cualquier ordenador y con cualquier navegador (con los plug-in actualizados), en la direcci\u00f3n <a href=\"http:\/\/www.qualitasescuelafamilia.com\" target=\"_blank\" rel=\"noopener noreferrer\">www.qualitasescuelafamilia.com<\/a> o mediante la app en cualquier tel\u00e9fono m\u00f3vil o tableta.<\/p>\n<p>[\/et_pb_accordion_item][et_pb_accordion_item title=\u00bbNecesito ayuda\u00bb _builder_version=\u00bb4.16&#8243; hover_enabled=\u00bb0&#8243; global_colors_info=\u00bb{}\u00bb open=\u00bboff\u00bb sticky_enabled=\u00bb0&#8243;]<\/p>\n<p>Dispone de manuales para aprender las funciones de la plataforma <a href=\"\/Salesianos%203r\/documentos\/Manual Qe Familias-ayuda.pdf\" target=\"_blank\" rel=\"noopener noreferrer\">aqu\u00ed<\/a> (m\u00e1s b\u00e1sico) y <a href=\"\/Salesianos%203r\/documentos\/Manual de usuario - Qe Familias.pdf\" target=\"_blank\" rel=\"noopener noreferrer\">aqu\u00ed<\/a> y en la web de la aplicaci\u00f3n.<\/p>\n<p>Si tiene problemas con las claves de acceso acceda a <a href=\"http:\/\/www.qualitasescuelafamilia.com\" target=\"_blank\" rel=\"noopener noreferrer\">www.qualitasescuelafamilia.com<\/a> y pulse en \u00ab\u00bfOlvid\u00f3 su contrase\u00f1a? Pulse <span class=\"aqui\">aqu\u00ed<\/span>\u00ab, se le solicitar\u00e1 su nombre de usuario y su DNI.<\/p>\n<p>Para cualquier otra incidencia o consulta env\u00ede un correo a <a href=\"mailto:tic.merida@salesianos.edu\" target=\"new\" rel=\"noopener noreferrer\">Incidencias Qualitas Escuela Familia.<\/a><\/p>\n<p>[\/et_pb_accordion_item][et_pb_accordion_item title=\u00bbHe olvidado las contrase\u00f1as\u00bb _builder_version=\u00bb4.27.2&#8243; hover_enabled=\u00bb0&#8243; global_colors_info=\u00bb{}\u00bb open=\u00bboff\u00bb sticky_enabled=\u00bb0&#8243;]<\/p>\n<p>Manual para recuperar la contrase\u00f1a<a href=\"https:\/\/app.tango.us\/app\/workflow\/-C-mo-recuperar-una-contrase-a-desde-Escuela-Familia-en-la-app--6e53a90871954f59940d26e3fa007ae2\" target=\"_blank\" rel=\"noopener\">https:\/\/app.tango.us\/app\/workflow\/-C-mo-recuperar-una-contrase-a-desde-Escuela-Familia-en-la-app&#8211;6e53a90871954f59940d26e3fa007ae2<\/a><\/p>\n<p>[\/et_pb_accordion_item][et_pb_accordion_item title=\u00bbSoy nuevo, \u00bfpor d\u00f3nde empiezo?\u00bb _builder_version=\u00bb4.16&#8243; global_colors_info=\u00bb{}\u00bb open=\u00bboff\u00bb]<\/p>\n<p>Si nunca ha tenido claves de acceso dir\u00edjase al tutor de su hijo o a la secretar\u00eda del colegio.<\/p>\n<p>[\/et_pb_accordion_item][\/et_pb_accordion][\/et_pb_column][\/et_pb_row][\/et_pb_section]<\/p>\n","protected":false},"excerpt":{"rendered":"<p>Tu canal directo de comunicaci\u00f3n con el colegio Estimados padres\/madres, Nada m\u00e1s importante para nuestro centro que una buena sinton\u00eda en la labor educativa entre nuestra Casa y las familias de nuestros alumnos. Las nuevas tecnolog\u00edas vienen a facilitarnos la tarea de poder establecer un contacto continuo entre las familias y el profesorado. La plataforma [&hellip;]<\/p>\n","protected":false},"author":3,"featured_media":0,"parent":0,"menu_order":0,"comment_status":"closed","ping_status":"closed","template":"","meta":{"_et_pb_use_builder":"on","_et_pb_old_content":"","_et_gb_content_width":"","footnotes":""},"class_list":["post-9919","page","type-page","status-publish","hentry"],"_links":{"self":[{"href":"https:\/\/merida.salesianos.edu\/colegio\/wp-json\/wp\/v2\/pages\/9919","targetHints":{"allow":["GET"]}}],"collection":[{"href":"https:\/\/merida.salesianos.edu\/colegio\/wp-json\/wp\/v2\/pages"}],"about":[{"href":"https:\/\/merida.salesianos.edu\/colegio\/wp-json\/wp\/v2\/types\/page"}],"author":[{"embeddable":true,"href":"https:\/\/merida.salesianos.edu\/colegio\/wp-json\/wp\/v2\/users\/3"}],"replies":[{"embeddable":true,"href":"https:\/\/merida.salesianos.edu\/colegio\/wp-json\/wp\/v2\/comments?post=9919"}],"version-history":[{"count":9,"href":"https:\/\/merida.salesianos.edu\/colegio\/wp-json\/wp\/v2\/pages\/9919\/revisions"}],"predecessor-version":[{"id":11336,"href":"https:\/\/merida.salesianos.edu\/colegio\/wp-json\/wp\/v2\/pages\/9919\/revisions\/11336"}],"wp:attachment":[{"href":"https:\/\/merida.salesianos.edu\/colegio\/wp-json\/wp\/v2\/media?parent=9919"}],"curies":[{"name":"wp","href":"https:\/\/api.w.org\/{rel}","templated":true}]}}