{"id":9287,"date":"2019-01-03T18:19:50","date_gmt":"2019-01-03T17:19:50","guid":{"rendered":"https:\/\/merida.salesianos.edu\/colegio\/?page_id=9287"},"modified":"2025-08-25T08:54:45","modified_gmt":"2025-08-25T06:54:45","slug":"contacto","status":"publish","type":"page","link":"https:\/\/merida.salesianos.edu\/colegio\/contacto\/","title":{"rendered":"Contacto"},"content":{"rendered":"<p>[et_pb_section bb_built=\u00bb1&#8243; custom_padding=\u00bb0px|0px|0px|0px\u00bb fullwidth=\u00bbon\u00bb _builder_version=\u00bb3.0.47&#8243; next_background_color=\u00bb#000000&#8243;][et_pb_fullwidth_header title=\u00bbContactar con el Colegio\u00bb background_overlay_color=\u00bbrgba(178,178,178,0)\u00bb module_class=\u00bbpagina-imagen-cabecera\u00bb _builder_version=\u00bb3.2&#8243; background_image=\u00bbhttps:\/\/alicante.salesianos.edu\/wp-content\/uploads\/2017\/05\/encabezado_noticias_casa-min.png\u00bb content_max_width=\u00bb100%\u00bb background_layout=\u00bblight\u00bb background_color=\u00bbrgba(255, 255, 255, 0)\u00bb button_one_text_size__hover_enabled=\u00bboff\u00bb button_one_text_size__hover=\u00bbnull\u00bb button_two_text_size__hover_enabled=\u00bboff\u00bb button_two_text_size__hover=\u00bbnull\u00bb button_one_text_color__hover_enabled=\u00bboff\u00bb button_one_text_color__hover=\u00bbnull\u00bb button_two_text_color__hover_enabled=\u00bboff\u00bb button_two_text_color__hover=\u00bbnull\u00bb button_one_border_width__hover_enabled=\u00bboff\u00bb button_one_border_width__hover=\u00bbnull\u00bb button_two_border_width__hover_enabled=\u00bboff\u00bb button_two_border_width__hover=\u00bbnull\u00bb button_one_border_color__hover_enabled=\u00bboff\u00bb button_one_border_color__hover=\u00bbnull\u00bb button_two_border_color__hover_enabled=\u00bboff\u00bb button_two_border_color__hover=\u00bbnull\u00bb button_one_border_radius__hover_enabled=\u00bboff\u00bb button_one_border_radius__hover=\u00bbnull\u00bb button_two_border_radius__hover_enabled=\u00bboff\u00bb button_two_border_radius__hover=\u00bbnull\u00bb button_one_letter_spacing__hover_enabled=\u00bboff\u00bb button_one_letter_spacing__hover=\u00bbnull\u00bb button_two_letter_spacing__hover_enabled=\u00bboff\u00bb button_two_letter_spacing__hover=\u00bbnull\u00bb button_one_bg_color__hover_enabled=\u00bboff\u00bb button_one_bg_color__hover=\u00bbnull\u00bb button_two_bg_color__hover_enabled=\u00bboff\u00bb button_two_bg_color__hover=\u00bbnull\u00bb \/][\/et_pb_section][et_pb_section bb_built=\u00bb1&#8243; admin_label=\u00bbsection\u00bb custom_padding=\u00bb0px|0px|54px|0px\u00bb _builder_version=\u00bb3.0.47&#8243; prev_background_color=\u00bb#000000&#8243; next_background_color=\u00bb#000000&#8243;][et_pb_row admin_label=\u00bbrow\u00bb custom_padding=\u00bb25px|||\u00bb custom_margin=\u00bb25px|||\u00bb column_padding_mobile=\u00bbon\u00bb _builder_version=\u00bb3.0.71&#8243; background_size=\u00bbinitial\u00bb background_position=\u00bbtop_left\u00bb background_repeat=\u00bbrepeat\u00bb][et_pb_column type=\u00bb2_3&#8243;][et_pb_contact_form admin_label=\u00bbContact Form\u00bb email=\u00bbnoexiste@salesianos.edu\u00bb title=\u00bbFormulario de contacto\u00bb success_message=\u00bbSu mensaje ha sido enviado correctamente. Gracias por contactar con nosotros.\u00bb submit_button_text=\u00bbEnviar al colegio\u00bb module_id=\u00bbet_pb_contact_form_0&#8243; _builder_version=\u00bb3.19.3&#8243; custom_button=\u00bbon\u00bb button_text_color=\u00bb#ffffff\u00bb button_bg_color=\u00bb#e02b20&#8243; button_border_width=\u00bb0px\u00bb button_border_radius=\u00bb3px\u00bb captcha=\u00bbon\u00bb use_redirect=\u00bboff\u00bb input_border_radius=\u00bb0&#8243; border_style=\u00bbsolid\u00bb button_letter_spacing=\u00bb0&#8243; button_icon_placement=\u00bbright\u00bb button_letter_spacing_hover=\u00bb0&#8243; border_radii=\u00bbon|0px|0px|0px|0px\u00bb][et_pb_contact_field field_id=\u00bbName\u00bb field_title=\u00bbNombre\u00bb _builder_version=\u00bb3.0.47&#8243; form_field_font=\u00bb||||\u00bb][\/et_pb_contact_field][et_pb_contact_field field_id=\u00bbEmail\u00bb field_title=\u00bbDirecci\u00f3n de correo electr\u00f3nico\u00bb field_type=\u00bbemail\u00bb _builder_version=\u00bb3.0.47&#8243;][\/et_pb_contact_field][et_pb_contact_field field_id=\u00bbMessage\u00bb field_title=\u00bbMensaje\u00bb field_type=\u00bbtext\u00bb fullwidth_field=\u00bbon\u00bb _builder_version=\u00bb3.0.47&#8243;][\/et_pb_contact_field][et_pb_contact_field field_id=\u00bbPrivacidad\u00bb field_title=\u00bb \u00bb field_type=\u00bbcheckbox\u00bb checkbox_options=\u00bb%91{%22value%22:%22Acepto la pol\u00edtica de privacidad del sitio%22,%22checked%22:0,%22dragID%22:0}%93&#8243; fullwidth_field=\u00bbon\u00bb _builder_version=\u00bb3.0.47&#8243; form_field_font=\u00bb||||\u00bb form_field_font_size=\u00bb14px\u00bb][\/et_pb_contact_field][\/et_pb_contact_form][\/et_pb_column][et_pb_column type=\u00bb1_3&#8243;][et_pb_text admin_label=\u00bbText\u00bb _builder_version=\u00bb3.0.75&#8243; background_size=\u00bbinitial\u00bb background_position=\u00bbtop_left\u00bb background_repeat=\u00bbrepeat\u00bb custom_margin=\u00bb|||\u00bb custom_padding=\u00bb|||\u00bb background_layout=\u00bblight\u00bb border_style=\u00bbsolid\u00bb]<\/p>\n<h2>M\u00e1s informaci\u00f3n<\/h2>\n<p>Para <strong>CONTACTAR<\/strong> con el&nbsp;<strong>Colegio Don Bosco<\/strong>:<\/p>\n<ul>\n<li>Puede rellenar y enviar este&nbsp;formulario.<\/li>\n<li>Puede llamar por tel\u00e9fono.<\/li>\n<li>Si desea enviarnos su <strong>CURRICULUM,&nbsp;<\/strong>pulse&nbsp;<span style=\"text-decoration: underline;\"><strong><a href=\"http:\/\/www.salesianos.edu\/bolsatrabajo\/\" target=\"_blank\" rel=\"noopener noreferrer\">aqu\u00ed<\/a><\/strong><\/span> para acceder a nuestra bolsa de trabajo.<\/li>\n<\/ul>\n<p>[\/et_pb_text][et_pb_blurb title=\u00bbAvda. Reina Sof\u00eda 40&#8243; use_icon=\u00bbon\u00bb font_icon=\u00bb%%249%%\u00bb icon_placement=\u00bbleft\u00bb _builder_version=\u00bb3.19.3&#8243; header_font_size=\u00bb15px\u00bb body_line_height=\u00bb1em\u00bb custom_margin=\u00bb||5px|\u00bb animation=\u00bboff\u00bb max_width_tablet=\u00bb50px\u00bb]<\/p>\n<p>06800 M\u00e9rida (Badajoz)<\/p>\n<p>[\/et_pb_blurb][et_pb_blurb title=\u00bb924 31 94 11&#8243; use_icon=\u00bbon\u00bb font_icon=\u00bb%%264%%\u00bb icon_placement=\u00bbleft\u00bb _builder_version=\u00bb3.19.3&#8243; header_font_size=\u00bb17px\u00bb body_line_height=\u00bb1em\u00bb custom_margin=\u00bb||5px|\u00bb animation=\u00bboff\u00bb max_width_tablet=\u00bb50px\u00bb]<\/p>\n<p><i>Se atender\u00e1 en horario de recepci\u00f3n<\/i><\/p>\n<p>[\/et_pb_blurb][et_pb_blurb title=\u00bbHorario de apertura\u00bb use_icon=\u00bbon\u00bb font_icon=\u00bb%%229%%\u00bb icon_placement=\u00bbleft\u00bb _builder_version=\u00bb3.19.3&#8243; header_font_size=\u00bb15px\u00bb body_line_height=\u00bb1em\u00bb custom_margin=\u00bb||5px|\u00bb animation=\u00bboff\u00bb max_width_tablet=\u00bb50px\u00bb]<\/p>\n<p>De 8:30 a 14:30 h.<\/p>\n<p>[\/et_pb_blurb][et_pb_blurb title=\u00bbHorario de recepci\u00f3n\u00bb use_icon=\u00bbon\u00bb font_icon=\u00bb%%259%%\u00bb icon_placement=\u00bbleft\u00bb _builder_version=\u00bb3.19.3&#8243; header_font_size=\u00bb15px\u00bb body_line_height=\u00bb1em\u00bb animation=\u00bboff\u00bb custom_margin=\u00bb||5px|\u00bb max_width_tablet=\u00bb50px\u00bb]<\/p>\n<p>De 8:00 a 20:00 h.<\/p>\n<p>[\/et_pb_blurb][\/et_pb_column][\/et_pb_row][\/et_pb_section][et_pb_section bb_built=\u00bb1&#8243; admin_label=\u00bbsection\u00bb padding_mobile=\u00bboff\u00bb fullwidth=\u00bbon\u00bb _builder_version=\u00bb3.0.51&#8243; custom_padding_tablet=\u00bb50px|0|50px|0&#8243; custom_padding_last_edited=\u00bbon|desktop\u00bb prev_background_color=\u00bb#000000&#8243;][et_pb_fullwidth_map admin_label=\u00bbFullwidth Map\u00bb address=\u00bbM\u00e9rida\u00bb zoom_level=\u00bb13&#8243; address_lat=\u00bb38.3587403593&#8243; address_lng=\u00bb-0.49115220436863&#8243; mouse_wheel=\u00bboff\u00bb mobile_dragging=\u00bboff\u00bb _builder_version=\u00bb3.19.3&#8243;][et_pb_map_pin title=\u00bbHeadquarters\u00bb pin_address=\u00bbAlicante, Espa\u00f1a\u00bb pin_address_lat=\u00bb38.352172203460945&#8243; pin_address_lng=\u00bb-0.5064407957535195&#8243; _builder_version=\u00bb3.0.47&#8243;] [\/et_pb_map_pin][\/et_pb_fullwidth_map][\/et_pb_section]<\/p>\n","protected":false},"excerpt":{"rendered":"<p>M\u00e1s informaci\u00f3n Para CONTACTAR con el&nbsp;Colegio Don Bosco: Puede rellenar y enviar este&nbsp;formulario. Puede llamar por tel\u00e9fono. Si desea enviarnos su CURRICULUM,&nbsp;pulse&nbsp;aqu\u00ed para acceder a nuestra bolsa de trabajo. 06800 M\u00e9rida (Badajoz) Se atender\u00e1 en horario de recepci\u00f3n De 8:30 a 14:30 h. De 8:00 a 20:00 h.<\/p>\n","protected":false},"author":3,"featured_media":0,"parent":0,"menu_order":0,"comment_status":"closed","ping_status":"closed","template":"","meta":{"_et_pb_use_builder":"on","_et_pb_old_content":"","_et_gb_content_width":"","footnotes":""},"class_list":["post-9287","page","type-page","status-publish","hentry"],"_links":{"self":[{"href":"https:\/\/merida.salesianos.edu\/colegio\/wp-json\/wp\/v2\/pages\/9287","targetHints":{"allow":["GET"]}}],"collection":[{"href":"https:\/\/merida.salesianos.edu\/colegio\/wp-json\/wp\/v2\/pages"}],"about":[{"href":"https:\/\/merida.salesianos.edu\/colegio\/wp-json\/wp\/v2\/types\/page"}],"author":[{"embeddable":true,"href":"https:\/\/merida.salesianos.edu\/colegio\/wp-json\/wp\/v2\/users\/3"}],"replies":[{"embeddable":true,"href":"https:\/\/merida.salesianos.edu\/colegio\/wp-json\/wp\/v2\/comments?post=9287"}],"version-history":[{"count":4,"href":"https:\/\/merida.salesianos.edu\/colegio\/wp-json\/wp\/v2\/pages\/9287\/revisions"}],"predecessor-version":[{"id":9391,"href":"https:\/\/merida.salesianos.edu\/colegio\/wp-json\/wp\/v2\/pages\/9287\/revisions\/9391"}],"wp:attachment":[{"href":"https:\/\/merida.salesianos.edu\/colegio\/wp-json\/wp\/v2\/media?parent=9287"}],"curies":[{"name":"wp","href":"https:\/\/api.w.org\/{rel}","templated":true}]}}