{"id":3,"date":"2018-10-19T06:59:28","date_gmt":"2018-10-19T06:59:28","guid":{"rendered":"https:\/\/merida.salesianos.edu\/colegio\/?page_id=3"},"modified":"2025-08-25T08:54:45","modified_gmt":"2025-08-25T06:54:45","slug":"privacy-policy","status":"publish","type":"page","link":"https:\/\/merida.salesianos.edu\/colegio\/privacy-policy\/","title":{"rendered":"Privacy Policy"},"content":{"rendered":"<p><strong><em>\u00bfPor cu\u00e1nto tiempo conservamos sus datos?<\/em><\/strong><\/p>\n<p>El contacto por correo electr\u00f3nico no supone que su dato de contacto pase a formar parte de ning\u00fan registro, atendida su consulta se eliminar\u00e1n sus datos. Esto significa que no se usar\u00e1 en ning\u00fan caso para enviarle posteriormente ning\u00fan tipo de publicidad de nuestras actividades. En el apartado \u201c<strong>trabaja con nosotros<\/strong>\u201d la conservaci\u00f3n de la informaci\u00f3n es de 6 meses. Antes de rellenar el formulario de recogida de datos puedes obtener m\u00e1s informaci\u00f3n.<\/p>\n<h4><em>\u00bfA qu\u00e9 destinatarios se comunicar\u00e1n sus datos?<\/em><\/h4>\n<p>Los datos que nos aporta no se ceden a terceros.<\/p>\n<p>El personal de INSPECTORIA SALESIANA MARIA AUXILIADORA responsable del \u00e1rea de Escuelas, y los centros educativos pertenecientes a nuestra titularidad -concretamente a trav\u00e9s de sus directores-,\u00a0 est\u00e1n habilitados a acceder a la actividad de tratamiento \u201ctrabaja con nosotros\u201d cuando en raz\u00f3n de una vacante de empleo necesiten consultar perfiles de candidatos. Por razones t\u00e9cnicas, \u00e9ste servicio se gestiona a trav\u00e9s de la empresa Viterbit, con domicilio social en Avenida Camino de Santiago, 1. 28050, Madrid, que tendr\u00e1 acceso en calidad de encargado del tratamiento por raz\u00f3n de mantenimiento de la web, y en ning\u00fan caso para otra finalidad, quedando obligado a las responsabilidades legales en caso de un uso no debido de la informaci\u00f3n.<\/p>\n<p>Con todas las entidades actuales, y futuras con las que mantengamos una prestaci\u00f3n de servicios en las que se cedan y traten datos personales firmamos un acuerdo por el que se\u00a0 obligan a cumplir con la normativa europea de protecci\u00f3n de datos.<\/p>\n","protected":false},"excerpt":{"rendered":"<p>\u00bfPor cu\u00e1nto tiempo conservamos sus datos? El contacto por correo electr\u00f3nico no supone que su dato de contacto pase a formar parte de ning\u00fan registro, atendida su consulta se eliminar\u00e1n sus datos. Esto significa que no se usar\u00e1 en ning\u00fan caso para enviarle posteriormente ning\u00fan tipo de publicidad de nuestras actividades. En el apartado \u201ctrabaja [&hellip;]<\/p>\n","protected":false},"author":1,"featured_media":0,"parent":0,"menu_order":0,"comment_status":"closed","ping_status":"open","template":"","meta":{"_et_pb_use_builder":"","_et_pb_old_content":"","_et_gb_content_width":"","footnotes":""},"class_list":["post-3","page","type-page","status-publish","hentry"],"_links":{"self":[{"href":"https:\/\/merida.salesianos.edu\/colegio\/wp-json\/wp\/v2\/pages\/3","targetHints":{"allow":["GET"]}}],"collection":[{"href":"https:\/\/merida.salesianos.edu\/colegio\/wp-json\/wp\/v2\/pages"}],"about":[{"href":"https:\/\/merida.salesianos.edu\/colegio\/wp-json\/wp\/v2\/types\/page"}],"author":[{"embeddable":true,"href":"https:\/\/merida.salesianos.edu\/colegio\/wp-json\/wp\/v2\/users\/1"}],"replies":[{"embeddable":true,"href":"https:\/\/merida.salesianos.edu\/colegio\/wp-json\/wp\/v2\/comments?post=3"}],"version-history":[{"count":1,"href":"https:\/\/merida.salesianos.edu\/colegio\/wp-json\/wp\/v2\/pages\/3\/revisions"}],"predecessor-version":[{"id":10452,"href":"https:\/\/merida.salesianos.edu\/colegio\/wp-json\/wp\/v2\/pages\/3\/revisions\/10452"}],"wp:attachment":[{"href":"https:\/\/merida.salesianos.edu\/colegio\/wp-json\/wp\/v2\/media?parent=3"}],"curies":[{"name":"wp","href":"https:\/\/api.w.org\/{rel}","templated":true}]}}