{"id":10052,"date":"2019-04-02T22:58:14","date_gmt":"2019-04-02T20:58:14","guid":{"rendered":"https:\/\/merida.salesianos.edu\/colegio\/?page_id=10052"},"modified":"2025-08-25T08:54:44","modified_gmt":"2025-08-25T06:54:44","slug":"aula-de-apoyo","status":"publish","type":"page","link":"https:\/\/merida.salesianos.edu\/colegio\/aula-de-apoyo\/","title":{"rendered":"Aula de Apoyo a la Integraci\u00f3n"},"content":{"rendered":"<p>[et_pb_section bb_built=\u00bb1&#8243; fullwidth=\u00bbon\u00bb _builder_version=\u00bb3.0.69&#8243; next_background_color=\u00bb#000000&#8243;][et_pb_fullwidth_header title=\u00bbAula de Apoyo a la Integraci\u00f3n\u00bb _builder_version=\u00bb3.21.1&#8243; background_image=\u00bbhttps:\/\/inspectoria.salesianos.edu\/wp-content\/uploads\/2017\/09\/ImagenPAGINA.jpg\u00bb module_class=\u00bbpagina-imagen-cabecera\u00bb background_layout=\u00bblight\u00bb max_width_tablet=\u00bb50px\u00bb background_color=\u00bbrgba(255, 255, 255, 0)\u00bb button_one_text_size__hover_enabled=\u00bboff\u00bb button_one_text_size__hover=\u00bbnull\u00bb button_two_text_size__hover_enabled=\u00bboff\u00bb button_two_text_size__hover=\u00bbnull\u00bb button_one_text_color__hover_enabled=\u00bboff\u00bb button_one_text_color__hover=\u00bbnull\u00bb button_two_text_color__hover_enabled=\u00bboff\u00bb button_two_text_color__hover=\u00bbnull\u00bb button_one_border_width__hover_enabled=\u00bboff\u00bb button_one_border_width__hover=\u00bbnull\u00bb button_two_border_width__hover_enabled=\u00bboff\u00bb button_two_border_width__hover=\u00bbnull\u00bb button_one_border_color__hover_enabled=\u00bboff\u00bb button_one_border_color__hover=\u00bbnull\u00bb button_two_border_color__hover_enabled=\u00bboff\u00bb button_two_border_color__hover=\u00bbnull\u00bb button_one_border_radius__hover_enabled=\u00bboff\u00bb button_one_border_radius__hover=\u00bbnull\u00bb button_two_border_radius__hover_enabled=\u00bboff\u00bb button_two_border_radius__hover=\u00bbnull\u00bb button_one_letter_spacing__hover_enabled=\u00bbon\u00bb button_one_letter_spacing__hover=\u00bb0&#8243; button_two_letter_spacing__hover_enabled=\u00bbon\u00bb button_two_letter_spacing__hover=\u00bb0&#8243; button_one_bg_color__hover_enabled=\u00bboff\u00bb button_one_bg_color__hover=\u00bbnull\u00bb button_two_bg_color__hover_enabled=\u00bboff\u00bb button_two_bg_color__hover=\u00bbnull\u00bb z_index_tablet=\u00bb500&#8243; \/][\/et_pb_section][et_pb_section bb_built=\u00bb1&#8243; admin_label=\u00bbsection\u00bb _builder_version=\u00bb3.0.47&#8243; prev_background_color=\u00bb#000000&#8243;][et_pb_row _builder_version=\u00bb3.0.69&#8243; custom_padding=\u00bb25px|||\u00bb custom_margin=\u00bb25px|||\u00bb][et_pb_column type=\u00bb1_2&#8243;][et_pb_image src=\u00bbhttps:\/\/merida.salesianos.edu\/colegio\/wp-content\/uploads\/sites\/2\/2019\/04\/aula-apoyo-2.jpg\u00bb _builder_version=\u00bb3.21.1&#8243; align=\u00bbcenter\u00bb alt=\u00bbLogo de los Salesianos\u00bb title_text=\u00bbLogo de los Salesianos\u00bb animation_direction=\u00bbright\u00bb animation_style=\u00bbfade\u00bb animation_duration=\u00bb500ms\u00bb animation_intensity_slide=\u00bb10%\u00bb z_index_tablet=\u00bb500&#8243; \/][et_pb_image src=\u00bbhttps:\/\/merida.salesianos.edu\/colegio\/wp-content\/uploads\/sites\/2\/2019\/04\/aula-apoyo-3.jpg\u00bb _builder_version=\u00bb3.21.1&#8243; animation=\u00bbright\u00bb align=\u00bbcenter\u00bb alt=\u00bbLogo de los Salesianos\u00bb title_text=\u00bbLogo de los Salesianos\u00bb animation_direction=\u00bbright\u00bb animation_style=\u00bbfade\u00bb animation_duration=\u00bb500ms\u00bb animation_intensity_slide=\u00bb10%\u00bb border_style=\u00bbsolid\u00bb z_index_tablet=\u00bb500&#8243; \/][et_pb_image src=\u00bbhttps:\/\/merida.salesianos.edu\/colegio\/wp-content\/uploads\/sites\/2\/2019\/04\/aula-apoyo1.jpg\u00bb _builder_version=\u00bb3.21.1&#8243; animation=\u00bbright\u00bb align=\u00bbcenter\u00bb alt=\u00bbLogo de los Salesianos\u00bb title_text=\u00bbLogo de los Salesianos\u00bb animation_direction=\u00bbright\u00bb animation_style=\u00bbfade\u00bb animation_duration=\u00bb500ms\u00bb animation_intensity_slide=\u00bb10%\u00bb border_style=\u00bbsolid\u00bb z_index_tablet=\u00bb500&#8243; \/][\/et_pb_column][et_pb_column type=\u00bb1_2&#8243;][et_pb_text _builder_version=\u00bb3.21.1&#8243; border_style=\u00bbsolid\u00bb z_index_tablet=\u00bb500&#8243;]<\/p>\n<p>La<strong> atenci\u00f3n a la diversidad<\/strong> es un proceso de individualizaci\u00f3n de la ense\u00f1anza a trav\u00e9s del cual damos respuesta a las diferencias individuales del alumnado, forma parte del proceso de acci\u00f3n tutorial y se traduce en la pr\u00e1ctica en una adecuaci\u00f3n de la actividad educativa para que cada alumno consiga un desarrollo \u00f3ptimo en sus capacidades y aptitudes personales.<\/p>\n<p>El concepto de<strong> \u00abatenci\u00f3n a la diversidad\u00bb<\/strong> tiene car\u00e1cter inclusivo, compresivo e integrador al intentar dar respuesta tanto a los alumnos con necesidad espec\u00edfica de apoyo educativo, como tambi\u00e9n a la <u>\u00ab<\/u><u>diversidad de necesidades\u00bb<\/u> que en todo momento est\u00e1 presente en un aula. Esta diversidad viene expresada en diferentes ritmos de aprendizaje, de esfuerzo personal, de estrategias personales de aprendizaje, de intereses, motivaci\u00f3n hacia las tareas escolares y rendimiento acad\u00e9mico. Debemos, adem\u00e1s, tener en cuenta el <u>car\u00e1cter interactivo<\/u> de las dificultades de aprendizaje, ya que, a menudo, no se trata de una dificultad asociada al propio alumno por sus limitaciones f\u00edsicas, sensoriales o psicol\u00f3gicas, sino que tambi\u00e9n puede deberse a diversos factores relacionados con el contexto escolar (clima del aula, acci\u00f3n docente, interacci\u00f3n con el grupo-clase) y contexto familiar (estilos educativos).<\/p>\n<p>La atenci\u00f3n a la diversidad supone llevar a cabo un trabajo educativo continuo y compartido entre los docentes para buscar respuestas que permitan un mayor ajuste entre la capacidad de los alumnos y la intervenci\u00f3n educativa, facilitando que todos puedan acceder a unos aprendizajes que se consideran fundamentales para su desarrollo y socializaci\u00f3n, respetando los intereses, motivaciones y capacidades.<\/p>\n<p>[\/et_pb_text][et_pb_text _builder_version=\u00bb3.21.1&#8243; z_index_tablet=\u00bb500&#8243;]<\/p>\n<h1><strong>Competencias<\/strong><\/h1>\n<p>[\/et_pb_text][et_pb_text _builder_version=\u00bb3.21.1&#8243; border_style=\u00bbsolid\u00bb z_index_tablet=\u00bb500&#8243;]<\/p>\n<ol>\n<li>Colaborar con los tutores en la prevenci\u00f3n, detecci\u00f3n y valoraci\u00f3n de problemas de aprendizaje, en la aplicaci\u00f3n de las medidas\u00a0 de car\u00e1cter general, as\u00ed como en la planificaci\u00f3n y desarrollo de ajustes y adaptaciones curriculares dirigidas a los alumnos con NEE, en situaci\u00f3n de desventaja social o bien\u00a0 a aquellos que presenten dificultades de aprendizaje.<\/li>\n<li>Realizar actividades de refuerzo educativo y seguimiento individualizado de estos alumnos.<\/li>\n<li>Elaborar un horario coordinado para poder atender a las necesidades de los alumnos, los profesores y las familias.<\/li>\n<li>Colaborar en la elaboraci\u00f3n y desarrollo del PAD.<\/li>\n<li>Establecer cauces fluidos de comunicaci\u00f3n y colaboraci\u00f3n con las familias de los alumnos atendidos por dichas especialistas.<\/li>\n<\/ol>\n<p>[\/et_pb_text][et_pb_text _builder_version=\u00bb3.21.1&#8243; z_index_tablet=\u00bb500&#8243;]<\/p>\n<h1><strong>Objetivos<\/strong><\/h1>\n<p>[\/et_pb_text][et_pb_text _builder_version=\u00bb3.21.1&#8243; z_index_tablet=\u00bb500&#8243;]<\/p>\n<ul>\n<li>Colaborar en la elaboraci\u00f3n de propuestas de organizaci\u00f3n de medidas de <u>refuerzo educativo<\/u> <u>fuera y dentro del aula<\/u> as\u00ed como ofrecer medidas educativas de <u>apoyo<\/u> al proceso de ense\u00f1anza-aprendizaje en funci\u00f3n de las necesidades que presente el alumnado.<\/li>\n<li>Contribuir en el dise\u00f1o y seguimiento de <u>Ajustes y Adaptaciones Curriculares<\/u> apropiadas a las necesidades educativas de los alumnos.<\/li>\n<li>Colaborar con el tutor en la preparaci\u00f3n de la <u>evaluaci\u00f3n<\/u> de los alumnos y las <u>entrevistas<\/u> con padres.<\/li>\n<li>Establecer una <u>atenci\u00f3n individualizada<\/u> a padres, profesores y alumnos.<\/li>\n<li>Colaborar en el establecimiento de <u>cauces fluidos de comunicaci\u00f3n<\/u> con: familias, EOEP, orientadores y centros de zona, Servicios Sanitarios, Direcci\u00f3n Provincial, etc.<\/li>\n<\/ul>\n<p>[\/et_pb_text][et_pb_text _builder_version=\u00bb3.21.1&#8243; z_index_tablet=\u00bb500&#8243;]<\/p>\n<h1><strong>Principios<\/strong><\/h1>\n<p>[\/et_pb_text][et_pb_text _builder_version=\u00bb3.21.1&#8243; z_index_tablet=\u00bb500&#8243;]<\/p>\n<ul>\n<li>Favorecer la integraci\u00f3n escolar y la inclusi\u00f3n social.<\/li>\n<li>Orientada a que el alumnado alcance, en la medida de sus posibilidades, las competencias b\u00e1sicas.<\/li>\n<li>Basada en el compromiso y en el trabajo colaborativo del profesorado.<\/li>\n<li>Favorecedora de la cooperaci\u00f3n entre el profesorado y las familias.<\/li>\n<li>Potenciadora de la apertura del centro al entorno y del uso de las redes de recursos sociales de la comunidad.<\/li>\n<\/ul>\n<p>[\/et_pb_text][\/et_pb_column][\/et_pb_row][\/et_pb_section]<\/p>\n","protected":false},"excerpt":{"rendered":"<p>La atenci\u00f3n a la diversidad es un proceso de individualizaci\u00f3n de la ense\u00f1anza a trav\u00e9s del cual damos respuesta a las diferencias individuales del alumnado, forma parte del proceso de acci\u00f3n tutorial y se traduce en la pr\u00e1ctica en una adecuaci\u00f3n de la actividad educativa para que cada alumno consiga un desarrollo \u00f3ptimo en sus [&hellip;]<\/p>\n","protected":false},"author":3,"featured_media":0,"parent":0,"menu_order":0,"comment_status":"closed","ping_status":"closed","template":"","meta":{"_et_pb_use_builder":"on","_et_pb_old_content":"","_et_gb_content_width":"","footnotes":""},"class_list":["post-10052","page","type-page","status-publish","hentry"],"_links":{"self":[{"href":"https:\/\/merida.salesianos.edu\/colegio\/wp-json\/wp\/v2\/pages\/10052","targetHints":{"allow":["GET"]}}],"collection":[{"href":"https:\/\/merida.salesianos.edu\/colegio\/wp-json\/wp\/v2\/pages"}],"about":[{"href":"https:\/\/merida.salesianos.edu\/colegio\/wp-json\/wp\/v2\/types\/page"}],"author":[{"embeddable":true,"href":"https:\/\/merida.salesianos.edu\/colegio\/wp-json\/wp\/v2\/users\/3"}],"replies":[{"embeddable":true,"href":"https:\/\/merida.salesianos.edu\/colegio\/wp-json\/wp\/v2\/comments?post=10052"}],"version-history":[{"count":4,"href":"https:\/\/merida.salesianos.edu\/colegio\/wp-json\/wp\/v2\/pages\/10052\/revisions"}],"predecessor-version":[{"id":10085,"href":"https:\/\/merida.salesianos.edu\/colegio\/wp-json\/wp\/v2\/pages\/10052\/revisions\/10085"}],"wp:attachment":[{"href":"https:\/\/merida.salesianos.edu\/colegio\/wp-json\/wp\/v2\/media?parent=10052"}],"curies":[{"name":"wp","href":"https:\/\/api.w.org\/{rel}","templated":true}]}}